{"id":275038,"date":"2024-02-07T14:05:00","date_gmt":"2024-02-07T14:05:00","guid":{"rendered":"https:\/\/sprint-energy.com\/?page_id=275038"},"modified":"2025-03-19T13:11:29","modified_gmt":"2025-03-19T13:11:29","slug":"privacy-policy","status":"publish","type":"page","link":"https:\/\/sprint-energy.com\/de\/privacy-policy\/","title":{"rendered":"Privacy Policy"},"content":{"rendered":"<p>[et_pb_section fb_built=&#8220;1&#8243; _builder_version=&#8220;4.16&#8243; da_disable_devices=&#8220;off|off|off&#8220; global_colors_info=&#8220;{}&#8220; da_is_popup=&#8220;off&#8220; da_exit_intent=&#8220;off&#8220; da_has_close=&#8220;on&#8220; da_alt_close=&#8220;off&#8220; da_dark_close=&#8220;off&#8220; da_not_modal=&#8220;on&#8220; da_is_singular=&#8220;off&#8220; da_with_loader=&#8220;off&#8220; da_has_shadow=&#8220;on&#8220;][et_pb_row _builder_version=&#8220;4.16&#8243; background_size=&#8220;initial&#8220; background_position=&#8220;top_left&#8220; background_repeat=&#8220;repeat&#8220; global_colors_info=&#8220;{}&#8220;][et_pb_column type=&#8220;4_4&#8243; _builder_version=&#8220;4.16&#8243; custom_padding=&#8220;|||&#8220; global_colors_info=&#8220;{}&#8220; custom_padding__hover=&#8220;|||&#8220;][et_pb_text admin_label=&#8220;Text&#8220; _builder_version=&#8220;4.25.1&#8243; header_text_color=&#8220;#ab0009&#8243; background_size=&#8220;initial&#8220; background_position=&#8220;top_left&#8220; background_repeat=&#8220;repeat&#8220; hover_enabled=&#8220;0&#8243; global_colors_info=&#8220;{}&#8220; sticky_enabled=&#8220;0&#8243;]<\/p>\n<p><strong><span style=\"color: #ab0009; font-size: 14px;\">Datenschutzerkl\u00e4rung gem\u00e4\u00df DSGVO<\/span><\/strong><\/p>\n<p>Unsere Website dient ausschlie\u00dflich der Information der Nutzer \u00fcber unsere Leistungen. Wir verwenden keine externen Plugins au\u00dfer dem Statistiktool Matomo (siehe Abschnitt <span style=\"color: #ab0009; font-size: 14px;\">\u201eDatenanalyse und Cookies\u201c<\/span>\u00a0unten);<\/p>\n<p>Wir erheben keine pers\u00f6nlichen oder gesch\u00e4ftlichen Daten (E-Mail-Adressen, Namen, Adressdaten) f\u00fcr Zwecke der Registrierung oder f\u00fcr den Versand von Newslettern oder \u00e4hnlichen Aktionen oder Dienstleistungen.<\/p>\n<p>Nachfolgend informieren wir Sie \u00fcber die Erhebung und Speicherung personenbezogener Daten bei der Nutzung unseres Internetauftritts <a href=\"https:\/\/www.sprint-energy.com\">www.sprint-energy.com<\/a><\/p>\n<p><strong><span style=\"color: #ab0009; font-size: 14px;\">Allgemeines<\/span><\/strong><\/p>\n<p>(1) Der Begriff \u201epersonenbezogene Daten\u201c meint unter Verweis auf die Definition des Art. 4 Nr. 1 der Verordnung (EU) 2016\/679 (nachfolgend bezeichnet als: \u201eDatenschutz-Grundverordnung\u201c bzw. kurz \u201eDSGVO\u201c) alle Daten, die auf Sie pers\u00f6nlich beziehbar sind. Darunter fallen beispielsweise Name, Adresse, E-Mailadressen, Nutzerverhalten. Hinsichtlich der \u00fcbrigen Begrifflichkeiten, insbesondere der Begriffe \u201eVerarbeitung\u201c, \u201eVerantwortlicher\u201c, \u201eAuftragsverarbeiter\u201c und \u201eEinwilligung\u201c verweisen wir auf die gesetzlichen datenschutzrechtlichen Definitionen des Art. 4 DSGVO.<\/p>\n<p>(2) Wir verarbeiten personenbezogene Daten grunds\u00e4tzlich nur, soweit dies zur Bereitstellung einer funktionsf\u00e4higen Webseite sowie der von uns angebotenen Inhalte und Leistungen erforderlich ist. Die Verarbeitung personenbezogener Daten erfolgt regelm\u00e4\u00dfig nur dann, wenn Sie uns eine Einwilligung im Sinne des Art. 6 Abs. 1 S. 1 lit. a) DSGVO erteilt haben oder die Verarbeitung durch gesetzliche Vorschriften insbesondere durch eine der in Art. 6 Abs. 1 S. 1 lit. b) bis lit. f) DSGVO genannten Rechtsgrundlagen gestattet ist.<\/p>\n<p>(3) Ihre personenbezogenen Daten werden gel\u00f6scht oder gesperrt, sobald der Zweck der Speicherung entf\u00e4llt. Eine Speicherung kann dar\u00fcber hinaus dann erfolgen, wenn dies durch nationale oder europ\u00e4ische Vorschriften, denen wir unterliegen, vorgesehen wurde. Eine Sperrung oder L\u00f6schung der Daten erfolgt in diesem Fall dann, wenn die in den jeweiligen Vorschriften vorgeschriebene Speicherfrist abgelaufen ist. Letzteres gilt dann nicht, wenn eine weitere Speicherung der Daten f\u00fcr einen Vertragsabschluss oder eine Vertragserf\u00fcllung erforderlich ist.<\/p>\n<p><strong><span style=\"color: #ab0009; font-size: 14px;\">Verantwortlicher<\/span><\/strong><\/p>\n<p>Verantwortlicher im Sinne des Art. 4 Nr. 7 DSGVO, der sonstigen in den Mitgliedstaaten der Europ\u00e4ischen Union geltenden Datenschutzgesetze und anderer Vorschriften mit Bestimmungen datenschutzrechtlichem Charakter ist:<\/p>\n<p><span style=\"color: #ab0009; font-size: 14px;\">SPRINT! Energy Consulting GmbH<\/span><\/p>\n<p>gesetzlich vertreten durch die Gesch\u00e4ftsf\u00fchrer Dipl.-Geophys., MBA Andreas Stephan<\/p>\n<p>Rellinghauser Str. 22<br \/>45128 Essen<br \/>Deutschland<\/p>\n<p>Telefon: +49 (0) 201 75 998 520<br \/>Fax: +49 (0) 201 75 998 529<br \/>E-Mail: sprint[at]sprint-energy.com<\/p>\n<p>Weitere Einzelheiten k\u00f6nnen Sie unserem\u00a0<a href=\"https:\/\/www.troveo.de\/legal-details\/?lang=de\"><strong>Impressum<\/strong><\/a>\u00a0entnehmen.<\/p>\n<p><strong><span style=\"color: #ab0009; font-size: 14px;\">Verarbeitung personenbezogener Daten bei informatorischer Nutzung unserer Webseite<\/span><\/strong><\/p>\n<p>(1) Wenn Sie unsere Webseite aufrufen,\u00a0ohne unsere Formulare zu nutzen oder uns auf andere Weise Informationen zukommen zu lassen (d.h. bei rein \u201eInformatorischer Nutzung\u201c), erheben wir nur diejenigen personenbezogenen Daten, die Ihr Webbrowser an unseren Server \u00fcbermittelt. Wenn Sie unsere Webseite besuchen m\u00f6chten, erheben wir die folgenden Daten, die f\u00fcr uns technisch erforderlich sind, um Ihnen die Anzeige unserer Webseite zu erm\u00f6glichen und die Stabilit\u00e4t und Sicherheit zu gew\u00e4hrleisten:<\/p>\n<ul>\n<li>IP-Adresse<\/li>\n<li>Datum und Uhrzeit des Aufrufs<\/li>\n<li>Sprachcode<\/li>\n<li>Browser<\/li>\n<li>Browsereigenschaften<\/li>\n<li>Betriebssystem<\/li>\n<li>Ger\u00e4tetyp<\/li>\n<li>Bildschirmgr\u00f6\u00dfe<\/li>\n<li>Seite, von der Sie gekommen sind<\/li>\n<li>Seiten, die Sie besucht haben, und Dateien, die Sie ge\u00f6ffnet haben<\/li>\n<\/ul>\n<p>(2) Die vorgenannten Daten werden ebenfalls in sog. Logfiles sowie in dem von uns genutzten Datenanalysetool Matomo (s.u.) auf unseren Servern gespeichert. Insbesondere die Erhebung und vor\u00fcbergehende Speicherung der IP-Adresse ist notwendig, um die Darstellung unserer Webseite auf Ihrem Endger\u00e4t zu erm\u00f6glichen. Hierf\u00fcr muss Ihre IP-Adresse f\u00fcr die Dauer des Besuchs unserer Webseite gespeichert werden. Eine Speicherung dieser Daten zusammen mit anderen personenbezogenen Daten von Ihnen findet nicht statt.<\/p>\n<p>Die Speicherung in Logfiles dient der Sicherstellung der Funktionsf\u00e4higkeit und Optimierung unserer Webseite sowie zur Sicherstellung der Sicherheit unserer informationstechnischen Systeme. Eine Auswertung dieser Daten zu Marketingzwecken findet nicht statt. In den vorstehenden Zwecken liegt unser berechtigtes Interesse an der Datenverarbeitung. Rechtsgrundlage f\u00fcr die Erhebung und die vor\u00fcbergehende Speicherung der vorgenannten Daten und der Logfiles ist Art. 6 Abs. 1 S. 1 lit. f) DSGVO.<\/p>\n<p>(3) Die Daten verarbeiten und\/oder speichern wir auf einem Server der Strato AG, Otto-Ostrowski-Stra\u00dfe 7, 10249 Berlin, Deutschland, einem externen Anbieter in der Europ\u00e4ischen Union. Dadurch die Speicherung bei einem solchen Anbieter wird sichergestellt, dass die Standards und Vorschriften des europ\u00e4ischen Datenschutzrechts eingehalten werden.<\/p>\n<p>(4) Die vorstehenden Daten zur Bereitstellung unserer Website werden gel\u00f6scht, wenn die jeweilige Sitzung beendet ist. Eine L\u00f6schung der IP-Adresse findet sp\u00e4testens\u00a0nach einem Jahr\u00a0statt. Eine dar\u00fcberhinausgehende Speicherung nehmen wir nur vor, wenn wir zuvor Ihre IP-Adresse gel\u00f6scht oder verfremdet haben und so eine Zuordnung der Daten zu Ihrer Person nicht mehr m\u00f6glich ist. Die Erhebung der vorstehenden Daten w\u00e4hrend des Besuchs unserer Webseite und die Speicherung dieser Daten in Logfiles ist f\u00fcr den Betrieb unserer Website zwingend erforderlich. Es besteht keine Widerspruchsm\u00f6glichkeit.<\/p>\n<p><strong><span style=\"color: #ab0009; font-size: 14px;\">Kontaktaufnahme<\/span><\/strong><\/p>\n<p>(1) Wenn Sie mit uns per E-Mail-Kontakt aufnehmen, werden die von Ihnen an uns mit Ihrer E-Mail \u00fcbermittelten personenbezogenen Daten gespeichert. Die Daten werden ausschlie\u00dflich zur Beantwortung Ihrer Fragen und Anliegen verwendet. Es erfolgt keine Weitergabe der Daten an Dritte.<\/p>\n<p>(2) Die Verarbeitung der vorstehenden personenbezogenen Daten dient allein zur Bearbeitung Ihrer Anfragen. Hierin liegt auch unser berechtigtes Interesse an der Verarbeitung Ihrer personenbezogenen Daten. Soweit Sie uns hierf\u00fcr eine Einwilligung erteilt haben, ist Rechtsgrundlage f\u00fcr die Verarbeitung dieser Daten Art. 6 Abs. 1 lit. a) DSGVO. Im \u00dcbrigen ist Rechtsgrundlage f\u00fcr die Verarbeitung dieser Daten, Art. 6 Abs. 1 lit. f) DSGVO. Soweit Sie durch Ihre E-Mail auf den Abschluss eines Vertrages hinwirken wollen, stellt Art. 6 Abs. 1 lit. b) DSGVO eine zus\u00e4tzliche Rechtsgrundlage dar.<\/p>\n<p>(3) Die Daten werden gel\u00f6scht, sobald wir Ihre Anfragen abschlie\u00dfend bearbeitet haben.<\/p>\n<p>(4) Sie k\u00f6nnen die uns erteilte Einwilligung zur Verarbeitung Ihrer personenbezogenen Daten jederzeit widerrufen. Bei einer Kontaktaufnahme per E-Mail k\u00f6nnen Sie der Speicherung Ihrer personenbezogenen Daten jederzeit widersprechen. Wir weisen Sie darauf hin, dass in diesem Fall Ihre Anfrage nicht weiterbearbeitet werden kann. Den Widerruf oder den Widerspruch k\u00f6nnen Sie durch \u00dcbersendung einer E-Mail an unsere\u00a0im Abschnitt \u201eVerantwortlicher\u201c angegebene E-Mailadresse erkl\u00e4ren.<\/p>\n<p><strong><span style=\"color: #ab0009; font-size: 14px;\">Datenanalyse und Cookies<\/span><\/strong><\/p>\n<p>(1) Diese Webseite nutzt \u201eMatomo\u201c (ehemals \u201ePiwik\u201c), einen Webanalysedienst des Drittanbieters InnoCraft Ltd., 150 Willis St, 6011 Wellington, New Zealand (nachfolgend bezeichnet als: \u201eInnoCraft\u201c). Dieser Dienst verwendet sog. \u201eCookies\u201c, Textdateien, die auf Ihrem Computer gespeichert werden und die eine Analyse der Benutzung der Website durch uns erm\u00f6glichen. Zu diesem Zweck werden die durch den Cookie erzeugten Nutzungsinformationen (einschlie\u00dflich Ihrer gek\u00fcrzten IP-Adresse) an unseren Server \u00fcbertragen und zu Nutzungsanalysezwecken gespeichert, was der Optimierung unserer Website dient. Ihre IP-Adresse wird bei diesem Vorgang umgehend anonymisiert, sodass Sie als Nutzer f\u00fcr uns anonym bleiben.<\/p>\n<p>(2) Die Auswertung k\u00f6nnen Sie verhindern, indem Sie vorhandene Cookies l\u00f6schen und eine Speicherung von Cookies in den Einstellungen Ihres Webbrowsers deaktivieren. Wir weisen darauf hin, dass Sie in diesem Fall m\u00f6glicherweise nicht alle Funktionen dieser Webseite vollumf\u00e4nglich nutzen k\u00f6nnen.<\/p>\n<p>(3) Alternativ k\u00f6nnen Sie jederzeit der Speicherung und Nutzung der Cookies nachfolgend per Maus-Klick unter \u201eCookies Settings\u201c widersprechen (Opt-Out Funktion). In diesem Fall wird in Ihrem Browser ein sog. Opt-Out-Cookie abgelegt, was zur Folge hat, dass Matomo keinerlei Sitzungsdaten erhebt. Bitte beachten Sie: Wenn Sie Ihre Cookies l\u00f6schen, so hat dies zur Folge, dass auch das Opt-Out-Cookie gel\u00f6scht wird und von Ihnen ggf. erneut aktiviert werden muss.<\/p>\n<p>&nbsp;<\/p>\n<p>[\/et_pb_text][\/et_pb_column][\/et_pb_row][\/et_pb_section]<\/p>\n","protected":false},"excerpt":{"rendered":"<p>Datenschutzerkl\u00e4rung gem\u00e4\u00df DSGVO Unsere Website dient ausschlie\u00dflich der Information der Nutzer \u00fcber unsere Leistungen. Wir verwenden keine externen Plugins au\u00dfer dem Statistiktool Matomo (siehe Abschnitt \u201eDatenanalyse und Cookies\u201c\u00a0unten); Wir erheben keine pers\u00f6nlichen oder gesch\u00e4ftlichen Daten (E-Mail-Adressen, Namen, Adressdaten) f\u00fcr Zwecke der Registrierung oder f\u00fcr den Versand von Newslettern oder \u00e4hnlichen Aktionen oder Dienstleistungen. Nachfolgend informieren wir Sie \u00fcber die Erhebung und Speicherung personenbezogener Daten bei der Nutzung unseres Internetauftritts www.sprint-energy.com Allgemeines (1) Der Begriff \u201epersonenbezogene Daten\u201c meint unter Verweis auf die Definition des Art. 4 Nr. 1 der Verordnung (EU) 2016\/679 (nachfolgend bezeichnet als: \u201eDatenschutz-Grundverordnung\u201c bzw. kurz \u201eDSGVO\u201c) alle Daten, die auf Sie pers\u00f6nlich beziehbar sind. Darunter fallen beispielsweise Name, Adresse, E-Mailadressen, Nutzerverhalten. Hinsichtlich der \u00fcbrigen Begrifflichkeiten, insbesondere der Begriffe \u201eVerarbeitung\u201c, \u201eVerantwortlicher\u201c, \u201eAuftragsverarbeiter\u201c und \u201eEinwilligung\u201c verweisen wir auf die gesetzlichen datenschutzrechtlichen Definitionen des Art. 4 DSGVO. (2) Wir verarbeiten personenbezogene Daten grunds\u00e4tzlich nur, soweit dies zur Bereitstellung einer funktionsf\u00e4higen Webseite sowie der von uns angebotenen Inhalte und Leistungen erforderlich ist. Die Verarbeitung personenbezogener Daten erfolgt regelm\u00e4\u00dfig nur dann, wenn Sie uns eine Einwilligung im Sinne des Art. 6 Abs. 1 S. 1 lit. a) DSGVO erteilt haben oder die Verarbeitung durch gesetzliche Vorschriften insbesondere durch eine der in Art. 6 [&hellip;]<\/p>\n","protected":false},"author":1,"featured_media":0,"parent":0,"menu_order":0,"comment_status":"closed","ping_status":"closed","template":"","meta":{"_et_pb_use_builder":"on","_et_pb_old_content":"<!-- wp:heading -->\r\n<p><strong>Privacy Statement according to General Data Protection Regulation<\/strong><\/p>\r\n<p>Our website is solely designed to inform the users about our services. We do not use any external plugins except of the statistics tool Matomo (see Section \u201cData analytics and cookies\u201d below);<\/p>\r\n<p>We do not collect any personal or business data (e-mail addresses, names, address data) for registration purposes or for sending newsletters or similar promotions or services.<\/p>\r\n<p>The following information concerns the collection of personal data when you use our website <a href=\"http:\/\/www.sprint-energy.com\">www.sprint-energy.com<\/a>.<\/p>\r\n<p><strong>General information:<\/strong><\/p>\r\n<p>(1) With reference to the definition presented in Article 4 no. 1 of Regulation (EU) 2016\/679 (hereinafter referred to as the \u201cGeneral Data Protection Regulation\u201d or \u201cGDPR\u201d in short), \u201cpersonal data\u201d means any data relating to you in person. Such data include for example your name, address, email address and behaviour as a user. With regard to the other terminology, and especially the terms \u201cprocessing\u201d, \u201ccontroller\u201d, and \u201cconsent\u201d, we would direct your attention to the statutory definitions in data protection law set out in Article 4 of the GDPR.<\/p>\r\n<p>(2) We process personal data only to the extent that this is necessary to provide a functioning website and to supply the information we offer. As a rule, processing of personal data only takes place when you have given us your consent as set out in Article 6, sentence 1, lit. a) of the GDPR or when processing is permitted under the terms of the law, and in particular the legal principles set out in Article 6, sentence 1, lit. b) to f) of the GDPR.<\/p>\r\n<p>(3) Your personal data will be deleted or blocked as soon as the reason for their storage ceases to apply. Over and above this, storage may also take place when this is provided for by national or European regulations to which we are subject. In such a case, blocking or deletion of the data will take place when the storage period stipulated by the relevant regulation has expired. The latter shall not apply when further storage of the data is necessary for conclusion or fulfilment of a contract.<\/p>\r\n<p><strong>Controller:<\/strong><\/p>\r\n<p>The controller within the meaning of Article 4, no. 7 of the GDPR, the other data protection laws in force in the member states of the European Union and other regulations containing provisions on privacy and data protection is<\/p>\r\n<p>SPRINT! Energy Consulting GmbH<\/p>\r\n<p>represented by the general manager Dipl.-Geophys., MBA Andreas Stephan<\/p>\r\n<p>Rellinghauser Str. 22<\/p>\r\n<p>45128 Essen, Germany<\/p>\r\n<p>Telephone:\u00a0 +49 (201) 75 998 520<\/p>\r\n<p>Fax:\u00a0\u00a0\u00a0\u00a0\u00a0\u00a0\u00a0\u00a0\u00a0\u00a0\u00a0\u00a0 +49 (201) 75 998 529<\/p>\r\n<p>Email:\u00a0\u00a0\u00a0\u00a0\u00a0\u00a0\u00a0\u00a0\u00a0 sprint[at]sprint-energy.com<\/p>\r\n<p>Further details can be found in our SPRINT! Energy Consulting GmbH section at the foot of the page, left handside.<\/p>\r\n<p><strong>Processing of personal data on use of our website for information purposes:<\/strong><\/p>\r\n<p>(1) When you visit our website without registering or providing us with information in any other way (i.e. using the website for \u201cinformation purposes\u201d only), we only collect those personal data which your web browser transmits to our server. When you wish to view our website, we collect the following data, which are technically necessary to display of our website and ensure its stability and security:<\/p>\r\n<ul>\r\n<li>IP address<\/li>\r\n<li>Date and time of your visit<\/li>\r\n<li>Language code<\/li>\r\n<li>Web browser<\/li>\r\n<li>Web browser properties<\/li>\r\n<li>Device type<\/li>\r\n<li>Screen size<\/li>\r\n<li>Operating system<\/li>\r\n<li>Website you came from<\/li>\r\n<li>Pages you have visited and files you have opened<\/li>\r\n<\/ul>\r\n<p>\u00a0<\/p>\r\n<p>(2) The data listed above are also stored on our servers in log files, with the exclusion of your IP address or other data which permit allocation of the data to you. No storage of those data together with other personal data of yours takes place. The identification and temporary storage of the IP address is necessary so that our website can be displayed on your terminal device, for which purpose your IP address has to be stored for the duration of your visit to our website.<\/p>\r\n<p>Storage in log files is implemented in order to ensure the functioning and optimisation of our website and to ensure the security of our information technology systems. There is no evaluation of these data for marketing purposes. The purposes stated above constitute our legitimate interest in the processing of the data. The legal basis for the collection and temporary storage of the above-mentioned data and the log files is the GDPR, Article 6, para. 1, sentence 1, lit. f).<\/p>\r\n<p>(3) We process and\/or store the data on a server of Strato AG, Otto-Ostrowski-Stra\u00dfe 7, 10249 Berlin, Germany, an external provider in the European Union. This data storage with such a provider will ensure that the standards and rules of European data protection law are respected.<\/p>\r\n<p>(4) The above data used for provision of our website are deleted when the relevant session is terminated. Deletion of the IP address takes place after one year at the latest. We only store that information for a longer period when we have previously deleted or alienated your IP address and an assignment of the data to you is consequently no longer possible. The collection of the above data while visiting our website and the storage of those data in log files is absolutely necessary for the operation of our website. There is no possibility for objection.<\/p>\r\n<p><strong>Contacting us by email:<\/strong><\/p>\r\n<p>(1) If you contact us by email, the personal data you send to us with your email will be stored. The data will only be used to answer your questions and enquiries and will not be passed on to third parties.<\/p>\r\n<p>(2) The processing of the above personal data has the sole purpose of dealing with your enquiries. This also constitutes our legitimate interest in the processing of your personal data. If you have given us your consent, the legal basis for processing these data is Article 6, para. 1, lit. a) of the GDPR. For the rest, the legal basis for the processing of these data is Article 6, para. 1, lit. f) of the GDPR. If the purpose of your email is to work towards the conclusion of a contract, Article 6, para. 1, lit. b) of the GDPR constitutes an additional legal basis.<\/p>\r\n<p>(3) The data will be deleted as soon as we have completed processing of your enquiries.<\/p>\r\n<p>(4) You can revoke your consent to the processing of your personal data at any time. If you contact us by email, you can also object to the storage of your personal data at any time. Please note however that in this case your enquiry cannot be processed further. You can issue the revocation or the objection by sending an email to our email address as stated in the \u201cController\u201d section.<\/p>\r\n<p><strong>Data analytics and cookies:<\/strong><\/p>\r\n<p>(1) Our website uses Matomo (formerly Piwik), which is a so-called web analysis service of InnoCraft Ltd, 150 Willis St., 6011 Wellington, New Zealand. This service uses so-called \"cookies\", which are text files that are stored on your computer and that enable us to analyse the use of the website. For this purpose, the usage information generated by the cookie (including your shortened IP address) will be transmitted to our server and stored for usage analysis purposes, which will serve our website optimisation. Your IP address will be immediately anonymised during this process so that you remain anonymous to us as a user.<\/p>\r\n<p>(2) The information generated by the cookies about your use of this website will not be disclosed to third parties. You may refuse the use of cookies by selecting the appropriate settings on your browser; however, in that case you may not be able to use the full functionality of this website.<\/p>\r\n<p>(3) Alternatively, if you do not agree with the storage and evaluation of this data from your visit, then you change the cookies by clicking on \u201cCookies Settings\u201d button to the bottom of the page, right hand-side. In this case, a so-called opt-out cookie will be stored in your browser, with the result that Matomo does not collect any session data. Please note: If you delete your cookies, this also means that our opt-out cookie is also deleted and will have to be reactivated by you.<\/p>\r\n<!-- \/wp:paragraph -->","_et_gb_content_width":"","footnotes":""},"class_list":["post-275038","page","type-page","status-publish","hentry"],"_links":{"self":[{"href":"https:\/\/sprint-energy.com\/de\/wp-json\/wp\/v2\/pages\/275038","targetHints":{"allow":["GET"]}}],"collection":[{"href":"https:\/\/sprint-energy.com\/de\/wp-json\/wp\/v2\/pages"}],"about":[{"href":"https:\/\/sprint-energy.com\/de\/wp-json\/wp\/v2\/types\/page"}],"author":[{"embeddable":true,"href":"https:\/\/sprint-energy.com\/de\/wp-json\/wp\/v2\/users\/1"}],"replies":[{"embeddable":true,"href":"https:\/\/sprint-energy.com\/de\/wp-json\/wp\/v2\/comments?post=275038"}],"version-history":[{"count":9,"href":"https:\/\/sprint-energy.com\/de\/wp-json\/wp\/v2\/pages\/275038\/revisions"}],"predecessor-version":[{"id":275672,"href":"https:\/\/sprint-energy.com\/de\/wp-json\/wp\/v2\/pages\/275038\/revisions\/275672"}],"wp:attachment":[{"href":"https:\/\/sprint-energy.com\/de\/wp-json\/wp\/v2\/media?parent=275038"}],"curies":[{"name":"wp","href":"https:\/\/api.w.org\/{rel}","templated":true}]}}