{"id":275522,"date":"2024-02-12T13:14:56","date_gmt":"2024-02-12T13:14:56","guid":{"rendered":"https:\/\/sprint-energy.com\/?page_id=275522"},"modified":"2025-03-04T13:22:55","modified_gmt":"2025-03-04T13:22:55","slug":"projekt","status":"publish","type":"page","link":"https:\/\/sprint-energy.com\/de\/projekt\/","title":{"rendered":"Projekt"},"content":{"rendered":"<p>[et_pb_section fb_built=&#8220;1&#8243; custom_padding_last_edited=&#8220;on|phone&#8220; admin_label=&#8220;Hero&#8220; _builder_version=&#8220;4.22.1&#8243; _module_preset=&#8220;default&#8220; use_background_color_gradient=&#8220;on&#8220; background_color_gradient_type=&#8220;circular&#8220; background_color_gradient_stops=&#8220;rgba(23,6,153,0.76) 0%|rgba(4,4,24,0.76) 100%&#8220; background_color_gradient_overlays_image=&#8220;on&#8220; background_image=&#8220;https:\/\/sprint-energy.com\/wp-content\/uploads\/2024\/02\/business-person-planning-alternative-energies-2.jpg&#8220; background_enable_video_mp4=&#8220;off&#8220; background_video_pause_outside_viewport=&#8220;off&#8220; min_height=&#8220;50vh&#8220; overflow-x=&#8220;hidden&#8220; overflow-y=&#8220;hidden&#8220; custom_padding=&#8220;15vh||15vh||true|false&#8220; custom_padding_tablet=&#8220;200px||||false|false&#8220; custom_padding_phone=&#8220;210px||||false|false&#8220; background_last_edited=&#8220;on|phone&#8220; use_background_color_gradient_tablet=&#8220;on&#8220; use_background_color_gradient_phone=&#8220;on&#8220; background_color_gradient_stops_tablet=&#8220;rgba(108,44,255,0.65) 7cm|rgba(15,18,52,0.8) 7cm|#0f1234 100cm&#8220; background_color_gradient_stops_phone=&#8220;rgba(108,44,255,0.65) 6cm|rgba(15,18,52,0.8) 6cm|#0f1234 100cm&#8220; da_disable_devices=&#8220;off|off|off&#8220; locked=&#8220;off&#8220; global_colors_info=&#8220;{}&#8220; da_is_popup=&#8220;off&#8220; da_exit_intent=&#8220;off&#8220; da_has_close=&#8220;on&#8220; da_alt_close=&#8220;off&#8220; da_dark_close=&#8220;off&#8220; da_not_modal=&#8220;on&#8220; da_is_singular=&#8220;off&#8220; da_with_loader=&#8220;off&#8220; da_has_shadow=&#8220;on&#8220;][et_pb_row custom_padding_last_edited=&#8220;on|tablet&#8220; _builder_version=&#8220;4.17.4&#8243; _module_preset=&#8220;default&#8220; custom_padding=&#8220;0px||0px||true|false&#8220; custom_padding_tablet=&#8220;|15px||15px|true|true&#8220; custom_padding_phone=&#8220;||||true|false&#8220; global_colors_info=&#8220;{}&#8220;][et_pb_column type=&#8220;4_4&#8243; _builder_version=&#8220;4.17.4&#8243; _module_preset=&#8220;default&#8220; global_colors_info=&#8220;{}&#8220;][dsm_text_rotator text_rotator=&#8220;%91{%22value%22:%22Projekt Index%22,%22checked%22:0,%22dragID%22:-1}%93&#8243; before_text=&#8220;Sprint!&#8220; text_rotator_animation_in=&#8220;fadeInDown&#8220; text_rotator_speed=&#8220;10000ms&#8220; before_margin=&#8220;|15px|||false|false&#8220; before_padding=&#8220;||||false|false&#8220; admin_label=&#8220;Supreme Text Rotator&#8220; _builder_version=&#8220;4.25.1&#8243; _module_preset=&#8220;default&#8220; header_font=&#8220;Rubik|600||on|||||&#8220; header_text_color=&#8220;gcid-7260c3df-da57-4886-8cc5-f3a640f53193&#8243; header_font_size=&#8220;4.5em&#8220; text_orientation=&#8220;left&#8220; custom_css_before=&#8220;background: rgba(255,255,255,.15);||    border: 1px solid #ddd;||border-radius:5px;||    box-shadow: 0 0 25px 0 rgba(153,153,153,.3);||    backdrop-filter: blur(15.9px);||    -webkit-backdrop-filter: blur(15.9px);||margin-right:15px;||padding:0.1em;||color: #ee2c2c;&#8220; global_colors_info=&#8220;{%22gcid-7260c3df-da57-4886-8cc5-f3a640f53193%22:%91%22header_text_color%22%93}&#8220;][\/dsm_text_rotator][et_pb_text module_class=&#8220;pa-bullet-list-1&#8243; _builder_version=&#8220;4.25.1&#8243; _module_preset=&#8220;default&#8220; text_font=&#8220;Rubik||||||||&#8220; text_text_color=&#8220;gcid-7b9d3186-00ec-4abe-8029-d7899375e182&#8243; text_font_size=&#8220;16px&#8220; width=&#8220;100%&#8220; width_tablet=&#8220;100%&#8220; width_phone=&#8220;100%&#8220; width_last_edited=&#8220;on|tablet&#8220; custom_css_main_element=&#8220;   &#8220; global_colors_info=&#8220;{%22gcid-7b9d3186-00ec-4abe-8029-d7899375e182%22:%91%22text_text_color%22%93}&#8220;]<\/p>\n<div class=\"light\">\n<div class=\"flare one\">\n<div class=\"flare two\">\n<\/div>\n<\/div>\n<\/div>\n<ul class=\"elementor-icon-list-items\">\n<li class=\"elementor-icon-list-item\">Kenntnisse der aktuellen branchenrelevanten Themen: Energie, Infrastruktur, Chemietechnik, Facility Management, Handel und Tourismus<\/li>\n<li class=\"elementor-icon-list-item\">H\u00f6chste Kompetenz in den jeweiligen Branchen<\/li>\n<li class=\"elementor-icon-list-item\">Exzellenz durch messbare Ergebnisse<\/li>\n<li class=\"elementor-icon-list-item\">Vertrauensvolle und partnerschaftliche Beziehungen<\/li>\n<\/ul>\n<p><span class=\"elementor-icon-list-text\">Der Fokus unserer Dienstleistungen liegt auf der pragmatischen Unterst\u00fctzung der Teams im Einsatz und auf der Entwicklung umsetzbarer Konzepte, Strategien und L\u00f6sungen, die auf die Bed\u00fcrfnisse unserer Kunden zugeschnitten sind.<\/span><\/p>\n<p>[\/et_pb_text][et_pb_text _builder_version=&#8220;4.25.1&#8243; text_font=&#8220;|700||on|||||&#8220; text_text_color=&#8220;rgba(188,196,201,0.07)&#8220; text_font_size=&#8220;8vw&#8220; text_line_height=&#8220;0.8em&#8220; transform_translate=&#8220;154px|-52px&#8220; transform_rotate=&#8220;0deg|0deg|270deg&#8220; positioning=&#8220;fixed&#8220; vertical_offset=&#8220;22vw&#8220; horizontal_offset=&#8220;-28vw&#8220; text_orientation=&#8220;center&#8220; scroll_vertical_motion_tablet=&#8220;&#8220; scroll_vertical_motion_phone=&#8220;0|50|50|100|0|0|0&#8243; scroll_vertical_motion_last_edited=&#8220;on|phone&#8220; locked=&#8220;off&#8220; global_colors_info=&#8220;{}&#8220;]<\/p>\n<p>Projects<\/p>\n<p>[\/et_pb_text][\/et_pb_column][\/et_pb_row][\/et_pb_section][et_pb_section fb_built=&#8220;1&#8243; _builder_version=&#8220;4.22.1&#8243; _module_preset=&#8220;default&#8220; background_color=&#8220;gcid-7b9d3186-00ec-4abe-8029-d7899375e182&#8243; da_disable_devices=&#8220;off|off|off&#8220; global_colors_info=&#8220;{%22gcid-7b9d3186-00ec-4abe-8029-d7899375e182%22:%91%22background_color%22%93}&#8220; da_is_popup=&#8220;off&#8220; da_exit_intent=&#8220;off&#8220; da_has_close=&#8220;on&#8220; da_alt_close=&#8220;off&#8220; da_dark_close=&#8220;off&#8220; da_not_modal=&#8220;on&#8220; da_is_singular=&#8220;off&#8220; da_with_loader=&#8220;off&#8220; da_has_shadow=&#8220;on&#8220;][et_pb_row _builder_version=&#8220;4.22.1&#8243; _module_preset=&#8220;default&#8220; max_width=&#8220;90%&#8220; global_colors_info=&#8220;{}&#8220;][et_pb_column type=&#8220;4_4&#8243; _builder_version=&#8220;4.22.1&#8243; _module_preset=&#8220;default&#8220; global_colors_info=&#8220;{}&#8220;][et_pb_filterable_portfolio fullwidth=&#8220;off&#8220; posts_number=&#8220;100&#8243; include_categories=&#8220;18,17,19&#8243; zoom_icon_color=&#8220;rgba(4,4,24,0.48)&#8220; hover_overlay_color=&#8220;rgba(64,247,155,0.46)&#8220; hover_icon=&#8220;&#xf06e;||fa||400&#8243; _builder_version=&#8220;4.25.1&#8243; _module_preset=&#8220;default&#8220; title_font=&#8220;||||||||&#8220; title_text_color=&#8220;gcid-399eb5e5-9d32-40fd-96e7-3c1fddf3445f&#8220; title_font_size=&#8220;16px&#8220; filter_text_color=&#8220;gcid-56bbdd20-41de-4c28-8463-efd0d77065e7&#8243; caption_text_color=&#8220;gcid-399eb5e5-9d32-40fd-96e7-3c1fddf3445f&#8220; background_color=&#8220;gcid-7b9d3186-00ec-4abe-8029-d7899375e182&#8243; text_orientation=&#8220;center&#8220; animation_style=&#8220;bounce&#8220; animation_direction=&#8220;bottom&#8220; animation_delay=&#8220;2000ms&#8220; border_radii_image=&#8220;off|5px|30px|30px|30px&#8220; border_width_all_image=&#8220;2px&#8220; border_color_all_image=&#8220;gcid-56bbdd20-41de-4c28-8463-efd0d77065e7&#8243; global_colors_info=&#8220;{%22gcid-7b9d3186-00ec-4abe-8029-d7899375e182%22:%91%22background_color%22%93,%22gcid-56bbdd20-41de-4c28-8463-efd0d77065e7%22:%91%22border_color_all%22,%22border_color_all_image%22,%22filter_text_color%22%93,%22gcid-399eb5e5-9d32-40fd-96e7-3c1fddf3445f%22:%91%22title_text_color%22,%22caption_text_color%22%93}&#8220;][\/et_pb_filterable_portfolio][dsm_block_reveal_image src=&#8220;https:\/\/sprint-energy.com\/wp-content\/uploads\/2024\/02\/springa-logo.png&#8220; title_text=&#8220;springa-logo&#8220; url=&#8220;\/&#8220; block_reveal_color=&#8220;#f7f8f8&#8243; block_reveal_delay=&#8220;2.8&#8243; disabled_on=&#8220;off|off|off&#8220; admin_label=&#8220;logo&#8220; _builder_version=&#8220;4.24.2&#8243; _module_preset=&#8220;default&#8220; positioning=&#8220;fixed&#8220; vertical_offset=&#8220;2%&#8220; horizontal_offset=&#8220;2%&#8220; vertical_offset_tablet=&#8220;2%&#8220; vertical_offset_phone=&#8220;3.4%&#8220; vertical_offset_last_edited=&#8220;on|desktop&#8220; horizontal_offset_tablet=&#8220;2%&#8220; horizontal_offset_phone=&#8220;4%&#8220; horizontal_offset_last_edited=&#8220;on|phone&#8220; max_width=&#8220;13%&#8220; max_width_tablet=&#8220;20%&#8220; max_width_phone=&#8220;35%&#8220; max_width_last_edited=&#8220;on|tablet&#8220; max_height=&#8220;8vh&#8220; custom_css_main_element=&#8220;filter: drop-shadow(0.35rem 0.35rem 0.4rem rgba(153,153,153,.3));&#8220; locked=&#8220;off&#8220; global_colors_info=&#8220;{}&#8220;][\/dsm_block_reveal_image][\/et_pb_column][\/et_pb_row][\/et_pb_section]<\/p>\n","protected":false},"excerpt":{"rendered":"<p><div class=\"et_pb_module dsm_text_rotator dsm_text_rotator_0  et_pb_text_align_left et_pb_bg_layout_light\">\n\t\t\t\t\n\t\t\t\t\n\t\t\t\t\n\t\t\t\t\n\t\t\t\t\n\t\t\t\t\n\t\t\t\t<div class=\"et_pb_module_inner\">\n\t\t\t\t\t<h2 class=\"dsm-rotate-text-main et_pb_module_header\"><span class=\"dsm-rotate-text-before\">Sprint!<\/span><span class=\"dsm-rotate-word\">Projekt Index<\/span><span class=\"dsm-rotate-text\" data-dsm-text-rotator=[{\"animation\":\"fadeInDown\",\"pause\":false,\"click\":false,\"speed\":\"10000ms\"}]><\/span><\/h2>\n\t\t\t\t<\/div>\n\t\t\t<\/div> Kenntnisse der aktuellen branchenrelevanten Themen: Energie, Infrastruktur, Chemietechnik, Facility Management, Handel und Tourismus H\u00f6chste Kompetenz in den jeweiligen Branchen Exzellenz durch messbare Ergebnisse Vertrauensvolle und partnerschaftliche Beziehungen Der Fokus unserer Dienstleistungen liegt auf der pragmatischen Unterst\u00fctzung der Teams im Einsatz und auf der Entwicklung umsetzbarer Konzepte, Strategien und L\u00f6sungen, die auf die Bed\u00fcrfnisse unserer Kunden zugeschnitten sind.Projects<div class=\"et_pb_module dsm_block_reveal_image dsm_block_reveal_image_0\">\n\t\t\t\t\n\t\t\t\t\n\t\t\t\t\n\t\t\t\t\n\t\t\t\t\n\t\t\t\t\n\t\t\t\t<div class=\"et_pb_module_inner\">\n\t\t\t\t\t<div class=\"dsm_block_reveal_image_wrapper\" >\n\t\t\t\t\n\t\t\t\t\n\t\t\t\t<a href=\"\/\" class=\"\" data-dsm-lightbox-id=\"dsm_block_reveal_image_0\"><span class=\"et_pb_image_wrap\" data-dsm-block-reveal-animation=\"lr\" data-dsm-block-reveal-color=\"#f7f8f8\" data-dsm-block-reveal-delay=\"2.8\" data-dsm-block-reveal-viewport=\"80%\"><img decoding=\"async\" src=\"https:\/\/sprint-energy.com\/wp-content\/uploads\/2024\/02\/springa-logo.png\" alt=\"\" title=\"springa-logo\" srcset=\"https:\/\/sprint-energy.com\/wp-content\/uploads\/2024\/02\/springa-logo.png 842w, https:\/\/sprint-energy.com\/wp-content\/uploads\/2024\/02\/springa-logo-480x167.png 480w\" sizes=\"(min-width: 0px) and (max-width: 480px) 480px, (min-width: 481px) 842px, 100vw\" \/><\/span><\/a>\n\t\t\t<\/div>\n\t\t\t\t<\/div>\n\t\t\t<\/div><\/p>\n","protected":false},"author":1,"featured_media":0,"parent":0,"menu_order":0,"comment_status":"closed","ping_status":"closed","template":"","meta":{"_et_pb_use_builder":"on","_et_pb_old_content":"<p>[et_pb_section fb_built=\"1\" custom_padding_last_edited=\"on|phone\" admin_label=\"Hero\" _builder_version=\"4.22.1\" _module_preset=\"default\" use_background_color_gradient=\"on\" background_color_gradient_type=\"circular\" background_color_gradient_stops=\"rgba(23,6,153,0.76) 0%|rgba(4,4,24,0.76) 100%\" background_color_gradient_overlays_image=\"on\" background_image=\"https:\/\/sprint-energy.com\/wp-content\/uploads\/2024\/02\/business-person-planning-alternative-energies-2.jpg\" background_enable_video_mp4=\"off\" background_video_pause_outside_viewport=\"off\" min_height=\"50vh\" overflow-x=\"hidden\" overflow-y=\"hidden\" custom_padding=\"15vh||15vh||true|false\" custom_padding_tablet=\"200px||||false|false\" custom_padding_phone=\"210px||||false|false\" background_last_edited=\"on|phone\" use_background_color_gradient_tablet=\"on\" use_background_color_gradient_phone=\"on\" background_color_gradient_stops_tablet=\"rgba(108,44,255,0.65) 7cm|rgba(15,18,52,0.8) 7cm|#0f1234 100cm\" background_color_gradient_stops_phone=\"rgba(108,44,255,0.65) 6cm|rgba(15,18,52,0.8) 6cm|#0f1234 100cm\" da_disable_devices=\"off|off|off\" locked=\"off\" global_colors_info=\"{}\" da_is_popup=\"off\" da_exit_intent=\"off\" da_has_close=\"on\" da_alt_close=\"off\" da_dark_close=\"off\" da_not_modal=\"on\" da_is_singular=\"off\" da_with_loader=\"off\" da_has_shadow=\"on\"][et_pb_row custom_padding_last_edited=\"on|tablet\" _builder_version=\"4.17.4\" _module_preset=\"default\" custom_padding=\"0px||0px||true|false\" custom_padding_tablet=\"|15px||15px|true|true\" custom_padding_phone=\"||||true|false\" global_colors_info=\"{}\"][et_pb_column type=\"4_4\" _builder_version=\"4.17.4\" _module_preset=\"default\" global_colors_info=\"{}\"][dsm_text_rotator text_rotator=\"%91{%22value%22:%22Project Index%22,%22checked%22:0,%22dragID%22:-1}%93\" before_text=\"Sprint!\" text_rotator_animation_in=\"fadeInDown\" text_rotator_speed=\"10000ms\" before_margin=\"|15px|||false|false\" before_padding=\"||||false|false\" admin_label=\"Supreme Text Rotator\" _builder_version=\"4.25.1\" _module_preset=\"default\" header_font=\"Rubik|600||on|||||\" header_text_color=\"gcid-7260c3df-da57-4886-8cc5-f3a640f53193\" header_font_size=\"4.5em\" text_orientation=\"left\" hover_enabled=\"0\" custom_css_before=\"background: rgba(255,255,255,.15);|| border: 1px solid #ddd;||border-radius:5px;|| box-shadow: 0 0 25px 0 rgba(153,153,153,.3);|| backdrop-filter: blur(15.9px);|| -webkit-backdrop-filter: blur(15.9px);||margin-right:15px;||padding:0.1em;||color: #ee2c2c ;\" global_colors_info=\"{%22gcid-7260c3df-da57-4886-8cc5-f3a640f53193%22:%91%22header_text_color%22%93}\" sticky_enabled=\"0\"][\/dsm_text_rotator][et_pb_text module_class=\"pa-bullet-list-1\" _builder_version=\"4.22.1\" _module_preset=\"default\" text_font=\"Rubik||||||||\" text_text_color=\"gcid-7b9d3186-00ec-4abe-8029-d7899375e182\" text_font_size=\"16px\" width=\"100%\" width_tablet=\"100%\" width_phone=\"100%\" width_last_edited=\"on|tablet\" custom_css_main_element=\" \" global_colors_info=\"{%22gcid-7b9d3186-00ec-4abe-8029-d7899375e182%22:%91%22text_text_color%22%93}\"]<\/p><div class=\"light\"><div class=\"flare one\"><div class=\"flare two\">\u00a0<\/div><\/div><\/div><ul class=\"elementor-icon-list-items\"><li class=\"elementor-icon-list-item\"><span class=\"elementor-icon-list-text\">Knowledge of the current sector relevant themes: energy, infrastructure, chemical engineering, facility management, trade and tourism<\/span><\/li><li class=\"elementor-icon-list-item\"><i class=\"fas fa-dot-circle\" aria-hidden=\"true\"><\/i><span class=\"elementor-icon-list-text\">Highest competence in the respective sectors<\/span><\/li><li class=\"elementor-icon-list-item\"><i class=\"fas fa-dot-circle\" aria-hidden=\"true\"><\/i><span class=\"elementor-icon-list-text\">Excellence through measurable results<\/span><\/li><li class=\"elementor-icon-list-item\"><i class=\"fas fa-dot-circle\" aria-hidden=\"true\"><\/i><span class=\"elementor-icon-list-text\">Trustful and partnership-based relations<\/span><\/li><\/ul><p><span class=\"elementor-icon-list-text\">Our Services focus on pragmatic support to the teams in operation and on the development of implementable concepts, strategies and solutions customised to the needs of our clients.<\/span><\/p><p>[\/et_pb_text][et_pb_text _builder_version=\"4.22.1\" text_font=\"|700||on|||||\" text_text_color=\"rgba(188,196,201,0.07)\" text_font_size=\"8vw\" text_line_height=\"0.8em\" transform_translate=\"154px|-52px\" transform_rotate=\"0deg|0deg|270deg\" positioning=\"fixed\" vertical_offset=\"22vw\" horizontal_offset=\"-28vw\" text_orientation=\"center\" scroll_vertical_motion_tablet=\"\" scroll_vertical_motion_phone=\"0|50|50|100|0|0|0\" scroll_vertical_motion_last_edited=\"on|phone\" locked=\"off\" global_colors_info=\"{}\"]<\/p><p>Projects<\/p><p>[\/et_pb_text][\/et_pb_column][\/et_pb_row][\/et_pb_section][et_pb_section fb_built=\"1\" _builder_version=\"4.22.1\" _module_preset=\"default\" background_color=\"gcid-7b9d3186-00ec-4abe-8029-d7899375e182\" da_disable_devices=\"off|off|off\" global_colors_info=\"{%22gcid-7b9d3186-00ec-4abe-8029-d7899375e182%22:%91%22background_color%22%93}\" da_is_popup=\"off\" da_exit_intent=\"off\" da_has_close=\"on\" da_alt_close=\"off\" da_dark_close=\"off\" da_not_modal=\"on\" da_is_singular=\"off\" da_with_loader=\"off\" da_has_shadow=\"on\"][et_pb_row _builder_version=\"4.22.1\" _module_preset=\"default\" max_width=\"90%\" global_colors_info=\"{}\"][et_pb_column type=\"4_4\" _builder_version=\"4.22.1\" _module_preset=\"default\" global_colors_info=\"{}\"][et_pb_filterable_portfolio fullwidth=\"off\" posts_number=\"100\" include_categories=\"8,7,9\" zoom_icon_color=\"rgba(4,4,24,0.48)\" hover_overlay_color=\"rgba(64,247,155,0.46)\" hover_icon=\"\uf06e||fa||400\" _builder_version=\"4.24.2\" _module_preset=\"default\" title_font=\"||||||||\" title_text_color=\"gcid-399eb5e5-9d32-40fd-96e7-3c1fddf3445f\" title_font_size=\"16px\" filter_text_color=\"gcid-56bbdd20-41de-4c28-8463-efd0d77065e7\" caption_text_color=\"gcid-399eb5e5-9d32-40fd-96e7-3c1fddf3445f\" background_color=\"gcid-7b9d3186-00ec-4abe-8029-d7899375e182\" text_orientation=\"center\" animation_style=\"bounce\" animation_direction=\"bottom\" animation_delay=\"2000ms\" border_radii_image=\"off|5px|30px|30px|30px\" border_width_all_image=\"2px\" border_color_all_image=\"gcid-56bbdd20-41de-4c28-8463-efd0d77065e7\" global_colors_info=\"{%22gcid-7b9d3186-00ec-4abe-8029-d7899375e182%22:%91%22background_color%22%93,%22gcid-56bbdd20-41de-4c28-8463-efd0d77065e7%22:%91%22border_color_all%22,%22border_color_all_image%22,%22filter_text_color%22%93,%22gcid-399eb5e5-9d32-40fd-96e7-3c1fddf3445f%22:%91%22title_text_color%22,%22caption_text_color%22%93}\"][\/et_pb_filterable_portfolio][dsm_block_reveal_image src=\"https:\/\/sprint-energy.com\/wp-content\/uploads\/2024\/02\/springa-logo.png\" title_text=\"springa-logo\" url=\"\/\" block_reveal_color=\"#f7f8f8\" block_reveal_delay=\"2.8\" disabled_on=\"off|off|off\" admin_label=\"logo\" _builder_version=\"4.24.2\" _module_preset=\"default\" positioning=\"fixed\" vertical_offset=\"2%\" horizontal_offset=\"2%\" vertical_offset_tablet=\"2%\" vertical_offset_phone=\"3.4%\" vertical_offset_last_edited=\"on|desktop\" horizontal_offset_tablet=\"2%\" horizontal_offset_phone=\"4%\" horizontal_offset_last_edited=\"on|phone\" max_width=\"13%\" max_width_tablet=\"20%\" max_width_phone=\"35%\" max_width_last_edited=\"on|tablet\" max_height=\"8vh\" custom_css_main_element=\"filter: drop-shadow(0.35rem 0.35rem 0.4rem rgba(153,153,153,.3));\" locked=\"off\" global_colors_info=\"{}\"][\/dsm_block_reveal_image][\/et_pb_column][\/et_pb_row][\/et_pb_section]<\/p>","_et_gb_content_width":"","footnotes":""},"class_list":["post-275522","page","type-page","status-publish","hentry"],"_links":{"self":[{"href":"https:\/\/sprint-energy.com\/de\/wp-json\/wp\/v2\/pages\/275522","targetHints":{"allow":["GET"]}}],"collection":[{"href":"https:\/\/sprint-energy.com\/de\/wp-json\/wp\/v2\/pages"}],"about":[{"href":"https:\/\/sprint-energy.com\/de\/wp-json\/wp\/v2\/types\/page"}],"author":[{"embeddable":true,"href":"https:\/\/sprint-energy.com\/de\/wp-json\/wp\/v2\/users\/1"}],"replies":[{"embeddable":true,"href":"https:\/\/sprint-energy.com\/de\/wp-json\/wp\/v2\/comments?post=275522"}],"version-history":[{"count":9,"href":"https:\/\/sprint-energy.com\/de\/wp-json\/wp\/v2\/pages\/275522\/revisions"}],"predecessor-version":[{"id":275702,"href":"https:\/\/sprint-energy.com\/de\/wp-json\/wp\/v2\/pages\/275522\/revisions\/275702"}],"wp:attachment":[{"href":"https:\/\/sprint-energy.com\/de\/wp-json\/wp\/v2\/media?parent=275522"}],"curies":[{"name":"wp","href":"https:\/\/api.w.org\/{rel}","templated":true}]}}